{"id":1142,"date":"2021-02-15T12:40:46","date_gmt":"2021-02-15T12:40:46","guid":{"rendered":"https:\/\/lafal.fi\/?page_id=1142"},"modified":"2021-02-15T12:50:42","modified_gmt":"2021-02-15T12:50:42","slug":"evasteiden-kaytto","status":"publish","type":"page","link":"https:\/\/lafal.fi\/en\/evasteiden-kaytto\/","title":{"rendered":"Evasteiden k\u00e4ytt\u00f6"},"content":{"rendered":"<p>[et_pb_section fb_built=&#8221;1&#8243; _builder_version=&#8221;4.6.0&#8243; background_color=&#8221;#000000&#8243;][et_pb_row _builder_version=&#8221;4.6.1&#8243; background_size=&#8221;initial&#8221; background_position=&#8221;top_left&#8221; background_repeat=&#8221;repeat&#8221; width=&#8221;50%&#8221; width_tablet=&#8221;70%&#8221; width_phone=&#8221;90%&#8221; width_last_edited=&#8221;on|phone&#8221;][et_pb_column type=&#8221;4_4&#8243; _builder_version=&#8221;3.25&#8243; custom_padding=&#8221;|||&#8221; custom_padding__hover=&#8221;|||&#8221;][et_pb_text quote_border_weight=&#8221;0px&#8221; _builder_version=&#8221;4.6.1&#8243; text_font=&#8221;Josefin Sans||||||||&#8221; text_text_color=&#8221;#ffffff&#8221; header_4_font=&#8221;Josefin Sans||||||||&#8221; header_4_text_align=&#8221;center&#8221; header_4_text_color=&#8221;#ffffff&#8221; header_4_font_size=&#8221;30px&#8221; background_size=&#8221;initial&#8221; background_position=&#8221;top_left&#8221; background_repeat=&#8221;repeat&#8221;]<\/p>\n<p><!-- divi:heading --><\/p>\n<div class=\"elementor-element elementor-element-6f598488 elementor-widget elementor-widget-heading\" data-id=\"6f598488\" data-element_type=\"widget\" data-widget_type=\"heading.default\">\n<div class=\"elementor-widget-container\">\n<h4 class=\"elementor-heading-title elementor-size-default\">Ev\u00e4steiden k\u00e4ytt\u00f6<\/h4>\n<\/div>\n<\/div>\n<div class=\"elementor-element elementor-element-cea5c elementor-widget elementor-widget-text-editor\" data-id=\"cea5c\" data-element_type=\"widget\" data-widget_type=\"text-editor.default\">\n<div class=\"elementor-widget-container\">\n<div class=\"elementor-text-editor elementor-clearfix\">\n<div id=\"content\" class=\"site-content\">\n<div class=\"ast-container\">\n<div id=\"primary\" class=\"content-area primary\">\n<div id=\"content\" class=\"site-content\">\n<div class=\"ast-container\">\n<div id=\"primary\" class=\"content-area primary\">\n<div id=\"content\" class=\"site-content\">\n<div class=\"ast-container\">\n<div id=\"primary\" class=\"content-area primary\">\n<div class=\"elementor elementor-676\" data-elementor-type=\"wp-page\" data-elementor-id=\"676\" data-elementor-settings=\"[]\">\n<div class=\"elementor-inner\">\n<div class=\"elementor-section-wrap\">\n<section class=\"elementor-element elementor-element-17981d2 elementor-section-boxed elementor-section-height-default elementor-section-height-default elementor-section elementor-top-section\" data-id=\"17981d2\" data-element_type=\"section\">\n<div class=\"elementor-container elementor-column-gap-default\">\n<div class=\"elementor-row\">\n<div class=\"elementor-element elementor-element-1e32687 elementor-column elementor-col-100 elementor-top-column\" data-id=\"1e32687\" data-element_type=\"column\">\n<div class=\"elementor-column-wrap elementor-element-populated\">\n<div class=\"elementor-widget-wrap\">\n<div class=\"elementor-element elementor-element-2372b05 elementor-widget elementor-widget-text-editor\" data-id=\"2372b05\" data-element_type=\"widget\" data-widget_type=\"text-editor.default\">\n<div class=\"elementor-widget-container\">\n<div class=\"elementor-text-editor elementor-clearfix\">\n<ul>\n<li>\n<p><span>Ev\u00e4ste on palveluntarjoajan web-palvelimen k\u00e4ytt\u00e4j\u00e4n tietokoneelle tallentama tiedosto, k\u00e4yt\u00e4nn\u00f6ss\u00e4 ev\u00e4ste on pieni nimet\u00f6n k\u00e4ytt\u00e4j\u00e4kohtainen tekstitiedosto, joka tallentuu k\u00e4ytt\u00e4j\u00e4n verkkoselaimeen. Palvelin voi my\u00f6hemmin lukea ev\u00e4steen ja n\u00e4in kyseinen selain voidaan tunnistaa (esim. k\u00e4ytt\u00e4j\u00e4n palatessa aiemmin vierailemalleen sivustolle). Ev\u00e4stett\u00e4 voi my\u00f6hemmin k\u00e4ytt\u00e4\u00e4 vain sen tallentanut palvelin eik\u00e4 ev\u00e4steist\u00e4 voida tunnistaa k\u00e4ytt\u00e4j\u00e4\u00e4 tai aiheudu vahinkoa k\u00e4ytt\u00e4j\u00e4n laitteelle.<\/span><\/p>\n<p><span><\/span><\/li>\n<li>\n<p><span>Ev\u00e4steet jaetaan l\u00e4ht\u00f6kohtaisesti istuntokohtaisiin ja pysyviin ev\u00e4steisiin, istuntokohtaiset ev\u00e4steet vanhenevat k\u00e4ytt\u00e4j\u00e4n lopettaessa web-palvelun, pysyv\u00e4t ev\u00e4steet s\u00e4ilyv\u00e4t selaimessa tietyn aikaa tai kunnes k\u00e4ytt\u00e4j\u00e4 poistaa ne. Ev\u00e4steet helpottavat sivustojen k\u00e4ytt\u00f6\u00e4 ja mahdollistavat tiettyj\u00e4 toiminnallisuuksia, kuten istunnon muistamisen, sivustojen k\u00e4ytt\u00e4j\u00e4kohtaisen personoinnin ja helpon tunnistautumisen palveluun.<\/span><\/p>\n<p><span><\/span><\/li>\n<li>\n<p><span>K\u00e4yt\u00e4mme ev\u00e4steit\u00e4 palveluidemme toiminnallisuuden mahdollistamiseen. Ev\u00e4steiden avulla voimme my\u00f6s ker\u00e4t\u00e4 tietoa sivustoillamme vierailevien k\u00e4ytt\u00e4jien p\u00e4\u00e4telaitteista ja verkkoselaimesta. Ker\u00e4tty\u00e4 tietoa voidaan k\u00e4ytt\u00e4\u00e4 analytiikkaan ja markkinoinnin kohdistamiseen. Ev\u00e4steiden avulla palvelujemme k\u00e4ytt\u00f6 on k\u00e4ytt\u00e4j\u00e4lle helpompaa ja esitetty markkinointi on tarkoituksenmukaisempaa ja kohdistetumpaa.<\/span><\/p>\n<p><span><\/span><\/li>\n<li>\n<p><span>Ev\u00e4ste sis\u00e4lt\u00e4\u00e4 ainoastaan yksil\u00f6llisen, istuntokohtaisen tunnuksen jonka avulla voidaan tunnistaa sivustolla vieraileva verkkoselain.<\/span><\/p>\n<p><span><\/span><\/li>\n<li>\n<p><span>K\u00e4ytt\u00e4m\u00e4ll\u00e4 verkkosivujamme annat suostumuksesi edell\u00e4 kuvatun kaltaiseen tietojenk\u00e4sittelyyn. Voit tietenkin my\u00f6s est\u00e4\u00e4 ev\u00e4steiden k\u00e4yt\u00f6n, t\u00e4ll\u00e4 voi kuitenkin olla haittapuolensa, sill\u00e4 ev\u00e4steet ovat teknillinen ratkaisu selaimien ja www-palvelimien yhteysk\u00e4yt\u00e4nt\u00f6jen toteutuksessa, eiv\u00e4tk\u00e4 monet internet-sivustot toimi kunnolla ilman ev\u00e4steit\u00e4. Lis\u00e4tietoja selainkohtaisista k\u00e4ytt\u00f6ohjeista saa selaimen valmistajan ohjeista.<\/span><\/p>\n<p><span><\/span><\/li>\n<li>\n<p><span>K\u00e4yt\u00e4mme kolmansien osapuolten hallitsemia mainontaev\u00e4steit\u00e4 esitell\u00e4ksemme tuotteitamme sek\u00e4 omilla ett\u00e4 muiden osapuolten sivustoilla. Voit poistaa k\u00e4yt\u00f6st\u00e4 tietyt kolmansien osapuolten hallitsemat mainontaev\u00e4steet kolmansien osapuolten hallintasivustoilta. N\u00e4it\u00e4 ovat mm. Google Analytics. Lis\u00e4tietoja Googlen analytiikkaseurannasta Googlen tietosuojasivulta. Google Analytics -seurannan voi est\u00e4\u00e4:\u00a0<a href=\"https:\/\/tools.google.com\/dlpage\/gaoptout\">https:\/\/tools.google.com\/dlpage\/gaoptout<\/a><\/span><\/p>\n<p><span><\/span><\/li>\n<li>\n<p><span>Monissa verkkoselaimissa on mahdollista est\u00e4\u00e4 kolmansilta osapuolilta tulevat ev\u00e4steet. T\u00e4ll\u00f6in selain sallii vain ev\u00e4steet jotka tulevat suoraan k\u00e4ytett\u00e4v\u00e4st\u00e4 verkkopalvelusta. Toimenpide tehd\u00e4\u00e4n selaimen asetuksista (est\u00e4\u00e4 kaikkien kolmansien osapuolten ev\u00e4steet) tai Your Online Choices \u2013 sivuston avulla (mahdollisuus m\u00e4\u00e4ritt\u00e4\u00e4 estot yrityskohtaisesti).<\/span><\/p>\n<p><span><\/span><\/li>\n<li>\n<p><span>Voit tyhjent\u00e4\u00e4 ev\u00e4stehistorian verkkoselaimen asetuksista. T\u00e4ll\u00f6in tunniste joka on asetettu selaimeen ja siihen perustuva verkkok\u00e4ytt\u00e4ytymisprofiili poistuu. Toimenpide ei est\u00e4 uusien ev\u00e4steiden tallentumista selaimeen.<\/span><\/p>\n<\/li>\n<\/ul>\n<\/div>\n<\/div>\n<\/div>\n<\/div>\n<\/div>\n<\/div>\n<\/div>\n<\/div>\n<\/section>\n<\/div>\n<\/div>\n<\/div>\n<\/div>\n<\/div>\n<\/div>\n<\/div>\n<\/div>\n<\/div>\n<\/div>\n<\/div>\n<\/div>\n<\/div>\n<\/div>\n<\/div>\n<p><!-- \/divi:heading --><\/p>\n<p>[\/et_pb_text][\/et_pb_column][\/et_pb_row][\/et_pb_section]<\/p>","protected":false},"excerpt":{"rendered":"<p>Ev\u00e4steiden k\u00e4ytt\u00f6 Ev\u00e4ste on palveluntarjoajan web-palvelimen k\u00e4ytt\u00e4j\u00e4n tietokoneelle tallentama tiedosto, k\u00e4yt\u00e4nn\u00f6ss\u00e4 ev\u00e4ste on pieni nimet\u00f6n k\u00e4ytt\u00e4j\u00e4kohtainen tekstitiedosto, joka tallentuu k\u00e4ytt\u00e4j\u00e4n verkkoselaimeen. Palvelin voi my\u00f6hemmin lukea ev\u00e4steen ja n\u00e4in kyseinen selain voidaan tunnistaa (esim. k\u00e4ytt\u00e4j\u00e4n palatessa aiemmin vierailemalleen sivustolle). Ev\u00e4stett\u00e4 voi my\u00f6hemmin k\u00e4ytt\u00e4\u00e4 vain sen tallentanut palvelin eik\u00e4 ev\u00e4steist\u00e4 voida tunnistaa k\u00e4ytt\u00e4j\u00e4\u00e4 tai aiheudu vahinkoa k\u00e4ytt\u00e4j\u00e4n [&hellip;]<\/p>","protected":false},"author":1,"featured_media":0,"parent":0,"menu_order":0,"comment_status":"closed","ping_status":"closed","template":"","meta":{"_et_pb_use_builder":"on","_et_pb_old_content":"<!-- wp:divi\/placeholder \/-->","_et_gb_content_width":"","footnotes":""},"class_list":["post-1142","page","type-page","status-publish","hentry"],"_links":{"self":[{"href":"https:\/\/lafal.fi\/en\/wp-json\/wp\/v2\/pages\/1142","targetHints":{"allow":["GET"]}}],"collection":[{"href":"https:\/\/lafal.fi\/en\/wp-json\/wp\/v2\/pages"}],"about":[{"href":"https:\/\/lafal.fi\/en\/wp-json\/wp\/v2\/types\/page"}],"author":[{"embeddable":true,"href":"https:\/\/lafal.fi\/en\/wp-json\/wp\/v2\/users\/1"}],"replies":[{"embeddable":true,"href":"https:\/\/lafal.fi\/en\/wp-json\/wp\/v2\/comments?post=1142"}],"version-history":[{"count":3,"href":"https:\/\/lafal.fi\/en\/wp-json\/wp\/v2\/pages\/1142\/revisions"}],"predecessor-version":[{"id":1146,"href":"https:\/\/lafal.fi\/en\/wp-json\/wp\/v2\/pages\/1142\/revisions\/1146"}],"wp:attachment":[{"href":"https:\/\/lafal.fi\/en\/wp-json\/wp\/v2\/media?parent=1142"}],"curies":[{"name":"wp","href":"https:\/\/api.w.org\/{rel}","templated":true}]}}